{"id":644,"date":"2025-09-06T10:40:41","date_gmt":"2025-09-06T09:40:41","guid":{"rendered":"http:\/\/hand-aufs-herz-heilung-hamburg.de\/?page_id=644"},"modified":"2025-09-06T10:44:26","modified_gmt":"2025-09-06T09:44:26","slug":"erstkontakt","status":"publish","type":"page","link":"http:\/\/hand-aufs-herz-heilung-hamburg.de\/index.php\/erstkontakt\/","title":{"rendered":"Erstkontakt"},"content":{"rendered":"\n<p>Der erste Schritt ist oft der wichtigste. Im Erstgespr\u00e4ch geht es darum, sich in einer entspannten und vertrauensvollen Atmosph\u00e4re kennenzulernen. Sie haben den Raum, von Ihren aktuellen Anliegen, W\u00fcnschen und Zielen zu erz\u00e4hlen &#8211; ganz in ihrem Tempo.<\/p>\n\n\n\n<p>Ich h\u00f6re zu , stelle Fragen und begleite Sie dabei, Ihre Bed\u00fcrfnisse klarer zu erkennen. Gemeinsam schauen wir , welche Themen f\u00fcr Sie gerade im Vordergrund stehen und wo Sie Unterst\u00fctzung w\u00fcnschen.<\/p>\n\n\n\n<p>90 Min.  90\u20ac<\/p>\n","protected":false},"excerpt":{"rendered":"<p>Der erste Schritt ist oft der wichtigste. Im Erstgespr\u00e4ch geht es darum, sich in einer entspannten und vertrauensvollen Atmosph\u00e4re kennenzulernen. Sie haben den Raum, von Ihren aktuellen Anliegen, W\u00fcnschen und Zielen zu erz\u00e4hlen &#8211; ganz in ihrem Tempo. Ich h\u00f6re zu , stelle Fragen und begleite Sie dabei, Ihre Bed\u00fcrfnisse klarer zu erkennen. Gemeinsam schauen [&hellip;]<\/p>\n","protected":false},"author":1,"featured_media":0,"parent":0,"menu_order":0,"comment_status":"closed","ping_status":"closed","template":"","meta":{"footnotes":""},"class_list":["post-644","page","type-page","status-publish","hentry"],"_links":{"self":[{"href":"http:\/\/hand-aufs-herz-heilung-hamburg.de\/index.php\/wp-json\/wp\/v2\/pages\/644","targetHints":{"allow":["GET"]}}],"collection":[{"href":"http:\/\/hand-aufs-herz-heilung-hamburg.de\/index.php\/wp-json\/wp\/v2\/pages"}],"about":[{"href":"http:\/\/hand-aufs-herz-heilung-hamburg.de\/index.php\/wp-json\/wp\/v2\/types\/page"}],"author":[{"embeddable":true,"href":"http:\/\/hand-aufs-herz-heilung-hamburg.de\/index.php\/wp-json\/wp\/v2\/users\/1"}],"replies":[{"embeddable":true,"href":"http:\/\/hand-aufs-herz-heilung-hamburg.de\/index.php\/wp-json\/wp\/v2\/comments?post=644"}],"version-history":[{"count":6,"href":"http:\/\/hand-aufs-herz-heilung-hamburg.de\/index.php\/wp-json\/wp\/v2\/pages\/644\/revisions"}],"predecessor-version":[{"id":651,"href":"http:\/\/hand-aufs-herz-heilung-hamburg.de\/index.php\/wp-json\/wp\/v2\/pages\/644\/revisions\/651"}],"wp:attachment":[{"href":"http:\/\/hand-aufs-herz-heilung-hamburg.de\/index.php\/wp-json\/wp\/v2\/media?parent=644"}],"curies":[{"name":"wp","href":"https:\/\/api.w.org\/{rel}","templated":true}]}}