{"id":6,"date":"2011-04-17T15:07:45","date_gmt":"2011-04-17T15:07:45","guid":{"rendered":"http:\/\/hand-aufs-herz-heilung-hamburg.de\/?page_id=6"},"modified":"2025-09-06T09:39:48","modified_gmt":"2025-09-06T08:39:48","slug":"hauptseite","status":"publish","type":"page","link":"http:\/\/hand-aufs-herz-heilung-hamburg.de\/","title":{"rendered":"Herzlich Willkommen!"},"content":{"rendered":"<p style=\"text-align: center;\"><a href=\"http:\/\/hand-aufs-herz-heilung-hamburg.de\/wp-content\/uploads\/2022\/01\/BILD-SILVI-2.jpg\"><img loading=\"lazy\" decoding=\"async\" class=\"alignnone wp-image-500 size-medium\" src=\"http:\/\/hand-aufs-herz-heilung-hamburg.de\/wp-content\/uploads\/2022\/01\/BILD-SILVI-2-300x175.jpg\" alt=\"\" width=\"300\" height=\"175\" srcset=\"http:\/\/hand-aufs-herz-heilung-hamburg.de\/wp-content\/uploads\/2022\/01\/BILD-SILVI-2-300x175.jpg 300w, http:\/\/hand-aufs-herz-heilung-hamburg.de\/wp-content\/uploads\/2022\/01\/BILD-SILVI-2-1024x598.jpg 1024w, http:\/\/hand-aufs-herz-heilung-hamburg.de\/wp-content\/uploads\/2022\/01\/BILD-SILVI-2-768x448.jpg 768w, http:\/\/hand-aufs-herz-heilung-hamburg.de\/wp-content\/uploads\/2022\/01\/BILD-SILVI-2-1536x896.jpg 1536w, http:\/\/hand-aufs-herz-heilung-hamburg.de\/wp-content\/uploads\/2022\/01\/BILD-SILVI-2.jpg 2048w\" sizes=\"auto, (max-width: 300px) 100vw, 300px\" \/><\/a><\/p>\n<p style=\"text-align: center;\"><em>Das Leben ist lebenswert, doch manchmal ben\u00f6tigt es Heilung, um wieder in einen positiven Fluss zu kommen.<\/em><\/p>\n<p style=\"text-align: left;\">Die Verbindung von spirituellen Ans\u00e4tzen, Wellnessmassagen und der Schmerztherapie nach Liebscher &amp; Bracht verdeutlichen, dass Heilung nicht eindimensional verstanden werden kann. K\u00f6rperliche Beschwerden sind h\u00e4ufig mehr als reine Funktionsst\u00f6rungen &#8211; sie stehen in enger Wechselwirkung mit emotionalen, geistigen und sozialen Faktoren.<\/p>\n<p style=\"text-align: left;\">W\u00e4hrend Wellnessmassagen durch Ber\u00fchrung, Entspannung und das Erleben von Geborgenheit eine ganzheitliche Regeneration anregen, bieten spirituelle Elemente die M\u00f6glichkeit, innere Ressourcen zu aktivieren und Sinnfragen in den Heilungsprozess einzubeziehen. Die Schmerztherapie nach Liebscher &amp; Bracht erg\u00e4nzt dies durch ein klar strukturiertes, k\u00f6rperorientiertes Vorgehen, das Betroffenen unmittelbare Linderung verschafften kann und gleichzeitig Eingenverantwortung im Alltag f\u00f6rdert .<\/p>\n<p style=\"text-align: left;\">In der Kombination dieser drei Ebenen &#8211; K\u00f6rper, Geist und Seele &#8211; entsteht ein umfassender Ansatz, der Menschen nicht nur Symptome nehmen, sondern sie auch in ihrem individuellen Heilungsweg st\u00e4rken kann. Damit er\u00f6ffnet sich eine Perspektive, die klassische Methoden nicht ausschlie\u00dft, sondern erweitert: Heilung wird als Prozess verstanden, der den Menschen in seiner Ganzheit respektiert und f\u00f6rdert.<\/p>\n<p style=\"text-align: left;\"><span style=\"color: #000000;\">Meine Behandlungen erfolgen nicht auf \u00e4rztlicher Basis. Ich stelle keine medizinischen Diagnosen oder verschreibe Medikamente.<\/span><\/p>\n<div style=\"text-align: left;\">\u00a0<\/div>\n\n\n<p><\/p>\n","protected":false},"excerpt":{"rendered":"<p>Das Leben ist lebenswert, doch manchmal ben\u00f6tigt es Heilung, um wieder in einen positiven Fluss zu kommen. Die Verbindung von spirituellen Ans\u00e4tzen, Wellnessmassagen und der Schmerztherapie nach Liebscher &amp; Bracht verdeutlichen, dass Heilung nicht eindimensional verstanden werden kann. K\u00f6rperliche Beschwerden sind h\u00e4ufig mehr als reine Funktionsst\u00f6rungen &#8211; sie stehen in enger Wechselwirkung mit emotionalen, geistigen [&hellip;]<\/p>\n","protected":false},"author":1,"featured_media":0,"parent":0,"menu_order":1,"comment_status":"closed","ping_status":"open","template":"","meta":{"footnotes":""},"class_list":["post-6","page","type-page","status-publish","hentry"],"_links":{"self":[{"href":"http:\/\/hand-aufs-herz-heilung-hamburg.de\/index.php\/wp-json\/wp\/v2\/pages\/6","targetHints":{"allow":["GET"]}}],"collection":[{"href":"http:\/\/hand-aufs-herz-heilung-hamburg.de\/index.php\/wp-json\/wp\/v2\/pages"}],"about":[{"href":"http:\/\/hand-aufs-herz-heilung-hamburg.de\/index.php\/wp-json\/wp\/v2\/types\/page"}],"author":[{"embeddable":true,"href":"http:\/\/hand-aufs-herz-heilung-hamburg.de\/index.php\/wp-json\/wp\/v2\/users\/1"}],"replies":[{"embeddable":true,"href":"http:\/\/hand-aufs-herz-heilung-hamburg.de\/index.php\/wp-json\/wp\/v2\/comments?post=6"}],"version-history":[{"count":104,"href":"http:\/\/hand-aufs-herz-heilung-hamburg.de\/index.php\/wp-json\/wp\/v2\/pages\/6\/revisions"}],"predecessor-version":[{"id":632,"href":"http:\/\/hand-aufs-herz-heilung-hamburg.de\/index.php\/wp-json\/wp\/v2\/pages\/6\/revisions\/632"}],"wp:attachment":[{"href":"http:\/\/hand-aufs-herz-heilung-hamburg.de\/index.php\/wp-json\/wp\/v2\/media?parent=6"}],"curies":[{"name":"wp","href":"https:\/\/api.w.org\/{rel}","templated":true}]}}