{"id":35,"date":"2011-04-17T15:32:55","date_gmt":"2011-04-17T15:32:55","guid":{"rendered":"http:\/\/hand-aufs-herz-heilung-hamburg.de\/?page_id=35"},"modified":"2024-05-31T06:29:54","modified_gmt":"2024-05-31T05:29:54","slug":"aus-und-weiterbildung","status":"publish","type":"page","link":"http:\/\/hand-aufs-herz-heilung-hamburg.de\/index.php\/aus-und-weiterbildung\/","title":{"rendered":"Aus- und Weiterbildung"},"content":{"rendered":"<p><span style=\"color: #891e42;\">SEMINARE NACH ABSPRACHE:<\/span><\/p>\n<ul>\n<li style=\"list-style-type: none;\">\n<ul>\n<li style=\"list-style-type: none;\">\n<ul>\n<li><span style=\"color: #891e42;\">Reiki Einweihung 1. Grad: 220 \u20ac<\/span><\/li>\n<li><span style=\"color: #891e42;\">Reiki Einweihung 2. Grad: 350 \u20ac<\/span><\/li>\n<li><span style=\"color: #891e42;\">Reiki Einweihung Lehrer\/Meistergrad: Preis auf Anfrage<\/span><\/li>\n<li><span style=\"color: #891e42;\">Kunst des Besprechen: 270 \u20ac<\/span><\/li>\n<\/ul>\n<\/li>\n<\/ul>\n<\/li>\n<\/ul>\n<p><span style=\"color: #891e42;\">Die Kosten f\u00fcr gesundheitsf\u00f6rdernde Ma\u00dfnahmen k\u00f6nnen von der Lohn- bzw. Einkommenssteuer abgesetzt werden!<\/span><\/p>\n<\/p>\n\n\n<figure class=\"wp-block-gallery has-nested-images columns-default is-cropped wp-block-gallery-1 is-layout-flex wp-block-gallery-is-layout-flex\"><\/figure>\n\n\n\n<figure class=\"wp-block-gallery has-nested-images columns-default is-cropped wp-block-gallery-2 is-layout-flex wp-block-gallery-is-layout-flex\"><\/figure>\n","protected":false},"excerpt":{"rendered":"<p>SEMINARE NACH ABSPRACHE: Reiki Einweihung 1. Grad: 220 \u20ac Reiki Einweihung 2. Grad: 350 \u20ac Reiki Einweihung Lehrer\/Meistergrad: Preis auf Anfrage Kunst des Besprechen: 270 \u20ac Die Kosten f\u00fcr gesundheitsf\u00f6rdernde Ma\u00dfnahmen k\u00f6nnen von der Lohn- bzw. Einkommenssteuer abgesetzt werden!<\/p>\n","protected":false},"author":1,"featured_media":0,"parent":0,"menu_order":5,"comment_status":"closed","ping_status":"closed","template":"","meta":{"footnotes":""},"class_list":["post-35","page","type-page","status-publish","hentry"],"_links":{"self":[{"href":"http:\/\/hand-aufs-herz-heilung-hamburg.de\/index.php\/wp-json\/wp\/v2\/pages\/35","targetHints":{"allow":["GET"]}}],"collection":[{"href":"http:\/\/hand-aufs-herz-heilung-hamburg.de\/index.php\/wp-json\/wp\/v2\/pages"}],"about":[{"href":"http:\/\/hand-aufs-herz-heilung-hamburg.de\/index.php\/wp-json\/wp\/v2\/types\/page"}],"author":[{"embeddable":true,"href":"http:\/\/hand-aufs-herz-heilung-hamburg.de\/index.php\/wp-json\/wp\/v2\/users\/1"}],"replies":[{"embeddable":true,"href":"http:\/\/hand-aufs-herz-heilung-hamburg.de\/index.php\/wp-json\/wp\/v2\/comments?post=35"}],"version-history":[{"count":37,"href":"http:\/\/hand-aufs-herz-heilung-hamburg.de\/index.php\/wp-json\/wp\/v2\/pages\/35\/revisions"}],"predecessor-version":[{"id":597,"href":"http:\/\/hand-aufs-herz-heilung-hamburg.de\/index.php\/wp-json\/wp\/v2\/pages\/35\/revisions\/597"}],"wp:attachment":[{"href":"http:\/\/hand-aufs-herz-heilung-hamburg.de\/index.php\/wp-json\/wp\/v2\/media?parent=35"}],"curies":[{"name":"wp","href":"https:\/\/api.w.org\/{rel}","templated":true}]}}