{"id":31,"date":"2011-04-17T15:23:32","date_gmt":"2011-04-17T15:23:32","guid":{"rendered":"http:\/\/hand-aufs-herz-heilung-hamburg.de\/?page_id=31"},"modified":"2022-07-07T12:08:04","modified_gmt":"2022-07-07T11:08:04","slug":"kundalini-reiki","status":"publish","type":"page","link":"http:\/\/hand-aufs-herz-heilung-hamburg.de\/index.php\/kundalini-reiki\/","title":{"rendered":"Kundalini-Reiki"},"content":{"rendered":"<p><span style=\"color: #891e42;\">Das ist m\u00f6glicherweise das einfachste existierende Heilungs- und Selbstentwicklungssystem, das in k\u00fcrzester Zeit enorme Heilung in tiefliegenden Zonen des K\u00f6rpers bewirkt. Energieblockaden werden aufgel\u00f6st und kraftvolle und weiche Energie kann durch jede Zelle des K\u00f6rpers fliessen und revitalisierend wirken. Der Energiehaushalt wird ausgeglichen. Der Behandelte f\u00fchlt sich erholt und mit neuer Kraft ausgestattet.<\/span><\/p>\n\n\n<p><\/p>\n","protected":false},"excerpt":{"rendered":"<p>Das ist m\u00f6glicherweise das einfachste existierende Heilungs- und Selbstentwicklungssystem, das in k\u00fcrzester Zeit enorme Heilung in tiefliegenden Zonen des K\u00f6rpers bewirkt. Energieblockaden werden aufgel\u00f6st und kraftvolle und weiche Energie kann durch jede Zelle des K\u00f6rpers fliessen und revitalisierend wirken. Der Energiehaushalt wird ausgeglichen. Der Behandelte f\u00fchlt sich erholt und mit neuer Kraft ausgestattet.<\/p>\n","protected":false},"author":1,"featured_media":0,"parent":0,"menu_order":2,"comment_status":"closed","ping_status":"closed","template":"","meta":{"footnotes":""},"class_list":["post-31","page","type-page","status-publish","hentry"],"_links":{"self":[{"href":"http:\/\/hand-aufs-herz-heilung-hamburg.de\/index.php\/wp-json\/wp\/v2\/pages\/31","targetHints":{"allow":["GET"]}}],"collection":[{"href":"http:\/\/hand-aufs-herz-heilung-hamburg.de\/index.php\/wp-json\/wp\/v2\/pages"}],"about":[{"href":"http:\/\/hand-aufs-herz-heilung-hamburg.de\/index.php\/wp-json\/wp\/v2\/types\/page"}],"author":[{"embeddable":true,"href":"http:\/\/hand-aufs-herz-heilung-hamburg.de\/index.php\/wp-json\/wp\/v2\/users\/1"}],"replies":[{"embeddable":true,"href":"http:\/\/hand-aufs-herz-heilung-hamburg.de\/index.php\/wp-json\/wp\/v2\/comments?post=31"}],"version-history":[{"count":22,"href":"http:\/\/hand-aufs-herz-heilung-hamburg.de\/index.php\/wp-json\/wp\/v2\/pages\/31\/revisions"}],"predecessor-version":[{"id":553,"href":"http:\/\/hand-aufs-herz-heilung-hamburg.de\/index.php\/wp-json\/wp\/v2\/pages\/31\/revisions\/553"}],"wp:attachment":[{"href":"http:\/\/hand-aufs-herz-heilung-hamburg.de\/index.php\/wp-json\/wp\/v2\/media?parent=31"}],"curies":[{"name":"wp","href":"https:\/\/api.w.org\/{rel}","templated":true}]}}