{"id":2,"date":"2011-04-17T14:40:37","date_gmt":"2011-04-17T14:40:37","guid":{"rendered":"http:\/\/hand-aufs-herz-heilung-hamburg.de\/?page_id=2"},"modified":"2025-03-31T09:16:20","modified_gmt":"2025-03-31T08:16:20","slug":"reiku","status":"publish","type":"page","link":"http:\/\/hand-aufs-herz-heilung-hamburg.de\/index.php\/reiku\/","title":{"rendered":"Reiki"},"content":{"rendered":"<p><span style=\"color: #891e42;\">Das Wissen von Reiki schien lange Zeit verloren gegangen zu sein. Ende des 19. Jahrhunderts entdeckte Dr. Mikao Usui in 2500 Jahre alten Sanskritsutren die Schl\u00fcssel wieder, die zu einer Wiederbelebung dieser Jahrtausende alten Tradition des nat\u00fcrlichen Heilens f\u00fchrten.<\/span><br \/>\n<span style=\"color: #891e42;\"> Reiki ist nicht nur die einfachste und die nat\u00fcrlichste, sondern auch die wirksamste Methode zur \u00dcbertragung universaler Lebensenergie. Durch das Handauflegen wird die heilende Energie in den K\u00f6rper der zu behandelnden Person geleitet und die Selbstheilungskr\u00e4fte werden wieder aktiviert.<\/span><br \/>\n<span style=\"color: #891e42;\"> Sollten Sie mal nicht in der Lage sein mich pers\u00f6nlich\u00a0 zu treffen, ist es auch m\u00f6glich, Reiki \u00fcber die Ferne zu praktizieren (\u00fcber Fern-Reiki).<\/span><\/p>\n<p style=\"text-align: left;\"><span style=\"color: #891e42;\">Durch die Anwendung von Reiki k\u00f6nnen:<\/span><\/p>\n<ul>\n<li style=\"list-style-type: none;\">\n<ul>\n<li style=\"list-style-type: none;\">\n<ul>\n<li><span style=\"color: #891e42;\">Unbeweglichkeit<\/span><\/li>\n<li><span style=\"color: #891e42;\">Blockaden<\/span><\/li>\n<li><span style=\"color: #891e42;\">Loslassen<\/span><\/li>\n<li><span style=\"color: #891e42;\">Unwohlsein<\/span><\/li>\n<li><span style=\"color: #891e42;\">Gelenkschmerzen<\/span><\/li>\n<li><span style=\"color: #891e42;\">Kopfschmerzen<\/span><\/li>\n<li><span style=\"color: #891e42;\">Migr\u00e4ne<\/span><\/li>\n<li><span style=\"color: #891e42;\">Hexenschuss<\/span><\/li>\n<li><span style=\"color: #891e42;\">Ohrenschmerzen<\/span><\/li>\n<li><span style=\"color: #891e42;\">Tinitus<\/span><\/li>\n<li><span style=\"color: #891e42;\">Depressionen<\/span><\/li>\n<li><span style=\"color: #891e42;\">Traurigkeit<\/span><\/li>\n<li><span style=\"color: #891e42;\">Ersch\u00f6pfung<\/span><\/li>\n<li><span style=\"color: #891e42;\">Erk\u00e4ltung<\/span><\/li>\n<li><span style=\"color: #891e42;\">Augenschmerzen<\/span><\/li>\n<\/ul>\n<\/li>\n<\/ul>\n<\/li>\n<\/ul>\n<p style=\"text-align: left;\"><span style=\"color: #891e42;\">geheilt werden.<\/span><\/p>\n<p><span style=\"color: #891e42;\">Am Ende jeder Behandlung\/Sitzung\u00a0f\u00fchlen Sie sich entspannt . Meist intensiviert sich die Wirkung in den n\u00e4chsten Tag noch!<\/span><\/p>\n<p><span style=\"color: #891e42;\">Eine Energetische Behandlung dauert ca. \u00a060 Min.= 60\u20ac bis 90 Min =90\u20ac<\/span><\/p>\n<p><span style=\"color: #891e42;\"><small>Ich stelle keine Diagnosen und ersetze nicht den Arzt oder Heilpraktiker.<\/small><\/span><\/p>\n","protected":false},"excerpt":{"rendered":"<p>Das Wissen von Reiki schien lange Zeit verloren gegangen zu sein. Ende des 19. Jahrhunderts entdeckte Dr. Mikao Usui in 2500 Jahre alten Sanskritsutren die Schl\u00fcssel wieder, die zu einer Wiederbelebung dieser Jahrtausende alten Tradition des nat\u00fcrlichen Heilens f\u00fchrten. Reiki ist nicht nur die einfachste und die nat\u00fcrlichste, sondern auch die wirksamste Methode zur \u00dcbertragung [&hellip;]<\/p>\n","protected":false},"author":1,"featured_media":0,"parent":0,"menu_order":3,"comment_status":"closed","ping_status":"closed","template":"","meta":{"footnotes":""},"class_list":["post-2","page","type-page","status-publish","hentry"],"_links":{"self":[{"href":"http:\/\/hand-aufs-herz-heilung-hamburg.de\/index.php\/wp-json\/wp\/v2\/pages\/2","targetHints":{"allow":["GET"]}}],"collection":[{"href":"http:\/\/hand-aufs-herz-heilung-hamburg.de\/index.php\/wp-json\/wp\/v2\/pages"}],"about":[{"href":"http:\/\/hand-aufs-herz-heilung-hamburg.de\/index.php\/wp-json\/wp\/v2\/types\/page"}],"author":[{"embeddable":true,"href":"http:\/\/hand-aufs-herz-heilung-hamburg.de\/index.php\/wp-json\/wp\/v2\/users\/1"}],"replies":[{"embeddable":true,"href":"http:\/\/hand-aufs-herz-heilung-hamburg.de\/index.php\/wp-json\/wp\/v2\/comments?post=2"}],"version-history":[{"count":27,"href":"http:\/\/hand-aufs-herz-heilung-hamburg.de\/index.php\/wp-json\/wp\/v2\/pages\/2\/revisions"}],"predecessor-version":[{"id":609,"href":"http:\/\/hand-aufs-herz-heilung-hamburg.de\/index.php\/wp-json\/wp\/v2\/pages\/2\/revisions\/609"}],"wp:attachment":[{"href":"http:\/\/hand-aufs-herz-heilung-hamburg.de\/index.php\/wp-json\/wp\/v2\/media?parent=2"}],"curies":[{"name":"wp","href":"https:\/\/api.w.org\/{rel}","templated":true}]}}