{"id":16,"date":"2011-04-17T15:14:21","date_gmt":"2011-04-17T15:14:21","guid":{"rendered":"http:\/\/hand-aufs-herz-heilung-hamburg.de\/?page_id=16"},"modified":"2022-07-07T12:09:43","modified_gmt":"2022-07-07T11:09:43","slug":"seelenheilung","status":"publish","type":"page","link":"http:\/\/hand-aufs-herz-heilung-hamburg.de\/index.php\/seelenheilung\/","title":{"rendered":"Seelenheilung"},"content":{"rendered":"<p><span style=\"color: #891e42;\">Seelenheilungsenergie ist ein spezielles psychologisches Energiesystem, das dazu gedacht ist, alte und tiefsitzende Wunden in der Seele zu heilen. Viele dieser psychischen Wunden sind so tief begraben, dass wir nicht einmal wissen, dass sie \u00fcberhaupt vorhanden sind. Sie sitzen tief im Seelenged\u00e4chtnis des K\u00f6rpers. Manchmal besteht der einzige Indikator daf\u00fcr, dass diese Wunden vorhanden sind darin, dass der K\u00f6rper mit einer Krankheit oder Schmerzen in diesem Gebiet reagiert.<\/span><\/p>\n<p style=\"text-align: center;\"><span style=\"color: #891e42;\">Wunden k\u00f6nnen verschiedene Ursachen haben:<\/span><\/p>\n<p style=\"text-align: center;\"><span style=\"color: #891e42;\">Verletztheit<\/span><br \/>\n<span style=\"color: #891e42;\"> Wut, Groll, \u00c4rger<\/span><br \/>\n<span style=\"color: #891e42;\"> \u00c4ngste und Depressionen<\/span><br \/>\n<span style=\"color: #891e42;\"> sowie alte Gedankenmuster wie:<\/span><\/p>\n<p style=\"text-align: center;\"><span style=\"color: #891e42;\">Das kannst Du nicht! Du bist zu dumm! Du bist nicht liebenswert! <\/span><\/p>\n<p style=\"text-align: center;\"><span style=\"color: #891e42;\">Du bist zu dick \/ d\u00fcnn \/ klein \/ gro\u00df!<\/span><\/p>\n<p style=\"text-align: center;\">\n<p><span style=\"color: #891e42;\">Die Seelenheilungsenergie ist sehr sanft und k\u00f6nnte bei Stress, Ersch\u00f6pfung, Burnout und Traumatisierung helfen.<\/span><\/p>\n","protected":false},"excerpt":{"rendered":"<p>Seelenheilungsenergie ist ein spezielles psychologisches Energiesystem, das dazu gedacht ist, alte und tiefsitzende Wunden in der Seele zu heilen. Viele dieser psychischen Wunden sind so tief begraben, dass wir nicht einmal wissen, dass sie \u00fcberhaupt vorhanden sind. Sie sitzen tief im Seelenged\u00e4chtnis des K\u00f6rpers. Manchmal besteht der einzige Indikator daf\u00fcr, dass diese Wunden vorhanden sind [&hellip;]<\/p>\n","protected":false},"author":1,"featured_media":0,"parent":0,"menu_order":2,"comment_status":"closed","ping_status":"closed","template":"","meta":{"footnotes":""},"class_list":["post-16","page","type-page","status-publish","hentry"],"_links":{"self":[{"href":"http:\/\/hand-aufs-herz-heilung-hamburg.de\/index.php\/wp-json\/wp\/v2\/pages\/16","targetHints":{"allow":["GET"]}}],"collection":[{"href":"http:\/\/hand-aufs-herz-heilung-hamburg.de\/index.php\/wp-json\/wp\/v2\/pages"}],"about":[{"href":"http:\/\/hand-aufs-herz-heilung-hamburg.de\/index.php\/wp-json\/wp\/v2\/types\/page"}],"author":[{"embeddable":true,"href":"http:\/\/hand-aufs-herz-heilung-hamburg.de\/index.php\/wp-json\/wp\/v2\/users\/1"}],"replies":[{"embeddable":true,"href":"http:\/\/hand-aufs-herz-heilung-hamburg.de\/index.php\/wp-json\/wp\/v2\/comments?post=16"}],"version-history":[{"count":24,"href":"http:\/\/hand-aufs-herz-heilung-hamburg.de\/index.php\/wp-json\/wp\/v2\/pages\/16\/revisions"}],"predecessor-version":[{"id":554,"href":"http:\/\/hand-aufs-herz-heilung-hamburg.de\/index.php\/wp-json\/wp\/v2\/pages\/16\/revisions\/554"}],"wp:attachment":[{"href":"http:\/\/hand-aufs-herz-heilung-hamburg.de\/index.php\/wp-json\/wp\/v2\/media?parent=16"}],"curies":[{"name":"wp","href":"https:\/\/api.w.org\/{rel}","templated":true}]}}