{"id":14,"date":"2011-04-17T15:13:52","date_gmt":"2011-04-17T15:13:52","guid":{"rendered":"http:\/\/hand-aufs-herz-heilung-hamburg.de\/?page_id=14"},"modified":"2013-02-21T15:58:38","modified_gmt":"2013-02-21T14:58:38","slug":"krankheiten-besprechen","status":"publish","type":"page","link":"http:\/\/hand-aufs-herz-heilung-hamburg.de\/index.php\/krankheiten-besprechen\/","title":{"rendered":"Besprechung von Krankheiten"},"content":{"rendered":"<p style=\"text-align: left;\"><span style=\"color: #891e42;\">Krankheiten besprechen ist eine uralte, \u00fcberlieferte Methode zur Heilung von:<\/span><\/p>\n<ul>\n<ul>\n<ul>\n<ul>\n<li><span style=\"color: #891e42;\">Akne, Allergien, \u00c4ngste, Arthritis, Asthma<\/span><\/li>\n<li><span style=\"color: #891e42;\">Bandscheibenbeschwerden<\/span><\/li>\n<li><span style=\"color: #891e42;\">chronische und akute Schmerzzust\u00e4nde<\/span><\/li>\n<li><span style=\"color: #891e42;\">Depression, Dornwarzen<\/span><\/li>\n<li><span style=\"color: #891e42;\">Epilepsie<\/span><\/li>\n<li><span style=\"color: #891e42;\">Feigwarzen, Flechten aller Art, Furunkel<\/span><\/li>\n<li><span style=\"color: #891e42;\">Gelenkentz\u00fcndungen, Gesichtsrose, G\u00fcrtelrose<\/span><\/li>\n<li><span style=\"color: #891e42;\">Handwarzen, Herpes, Hexenschuss<\/span><\/li>\n<li><span style=\"color: #891e42;\">Juckreiz<\/span><\/li>\n<li><span style=\"color: #891e42;\">Knochenbr\u00fcche (beschleunigte Heilung)<\/span><\/li>\n<li><span style=\"color: #891e42;\">Lymphstau<\/span><\/li>\n<li><span style=\"color: #891e42;\">Menstruationsbeschwerden, Migr\u00e4ne, Myome<\/span><\/li>\n<li><span style=\"color: #891e42;\">Nebenh\u00f6hlenentz\u00fcndungen, Nervenschmerzen, Nesselsucht, Neurodermitis<\/span><\/li>\n<li><span style=\"color: #891e42;\">\u00d6deme<\/span><\/li>\n<li><span style=\"color: #891e42;\">Parkinson<\/span><\/li>\n<li><span style=\"color: #891e42;\">R\u00fcckenschmerzen<\/span><\/li>\n<li><span style=\"color: #891e42;\">Schuppenflechte, starke Schmerzzust\u00e4nde, Stillen von Blutungen<\/span><\/li>\n<li><span style=\"color: #891e42;\">Trauer<\/span><\/li>\n<li><span style=\"color: #891e42;\">Venenentz\u00fcndung, Verbrennungen<\/span><\/li>\n<li><span style=\"color: #891e42;\">Warzen, Wundheilung, Wundschmerz<\/span><\/li>\n<li><span style=\"color: #891e42;\">Zysten<\/span><\/li>\n<\/ul>\n<\/ul>\n<\/ul>\n<\/ul>\n<p><span style=\"color: #891e42;\"><strong><br \/>\n<\/strong><\/span><\/p>\n","protected":false},"excerpt":{"rendered":"<p>Krankheiten besprechen ist eine uralte, \u00fcberlieferte Methode zur Heilung von: Akne, Allergien, \u00c4ngste, Arthritis, Asthma Bandscheibenbeschwerden chronische und akute Schmerzzust\u00e4nde Depression, Dornwarzen Epilepsie Feigwarzen, Flechten aller Art, Furunkel Gelenkentz\u00fcndungen, Gesichtsrose, G\u00fcrtelrose Handwarzen, Herpes, Hexenschuss Juckreiz Knochenbr\u00fcche (beschleunigte Heilung) Lymphstau Menstruationsbeschwerden, Migr\u00e4ne, Myome Nebenh\u00f6hlenentz\u00fcndungen, Nervenschmerzen, Nesselsucht, Neurodermitis \u00d6deme Parkinson R\u00fcckenschmerzen Schuppenflechte, starke Schmerzzust\u00e4nde, Stillen von Blutungen [&hellip;]<\/p>\n","protected":false},"author":1,"featured_media":0,"parent":0,"menu_order":4,"comment_status":"closed","ping_status":"closed","template":"","meta":{"footnotes":""},"class_list":["post-14","page","type-page","status-publish","hentry"],"_links":{"self":[{"href":"http:\/\/hand-aufs-herz-heilung-hamburg.de\/index.php\/wp-json\/wp\/v2\/pages\/14","targetHints":{"allow":["GET"]}}],"collection":[{"href":"http:\/\/hand-aufs-herz-heilung-hamburg.de\/index.php\/wp-json\/wp\/v2\/pages"}],"about":[{"href":"http:\/\/hand-aufs-herz-heilung-hamburg.de\/index.php\/wp-json\/wp\/v2\/types\/page"}],"author":[{"embeddable":true,"href":"http:\/\/hand-aufs-herz-heilung-hamburg.de\/index.php\/wp-json\/wp\/v2\/users\/1"}],"replies":[{"embeddable":true,"href":"http:\/\/hand-aufs-herz-heilung-hamburg.de\/index.php\/wp-json\/wp\/v2\/comments?post=14"}],"version-history":[{"count":21,"href":"http:\/\/hand-aufs-herz-heilung-hamburg.de\/index.php\/wp-json\/wp\/v2\/pages\/14\/revisions"}],"predecessor-version":[{"id":110,"href":"http:\/\/hand-aufs-herz-heilung-hamburg.de\/index.php\/wp-json\/wp\/v2\/pages\/14\/revisions\/110"}],"wp:attachment":[{"href":"http:\/\/hand-aufs-herz-heilung-hamburg.de\/index.php\/wp-json\/wp\/v2\/media?parent=14"}],"curies":[{"name":"wp","href":"https:\/\/api.w.org\/{rel}","templated":true}]}}