{"id":118,"date":"2011-10-26T09:00:48","date_gmt":"2011-10-26T09:00:48","guid":{"rendered":"http:\/\/hand-aufs-herz-heilung-hamburg.de\/?page_id=118"},"modified":"2025-03-31T09:17:25","modified_gmt":"2025-03-31T08:17:25","slug":"hot-stone-massagen","status":"publish","type":"page","link":"http:\/\/hand-aufs-herz-heilung-hamburg.de\/index.php\/hot-stone-massagen\/","title":{"rendered":"Massagen"},"content":{"rendered":"<p><a href=\"http:\/\/hand-aufs-herz-heilung-hamburg.de\/wp-content\/uploads\/2022\/01\/MASSAGE.jpg\"><img loading=\"lazy\" decoding=\"async\" class=\"size-medium wp-image-504 aligncenter\" src=\"http:\/\/hand-aufs-herz-heilung-hamburg.de\/wp-content\/uploads\/2022\/01\/MASSAGE-209x300.jpg\" alt=\"\" width=\"209\" height=\"300\" srcset=\"http:\/\/hand-aufs-herz-heilung-hamburg.de\/wp-content\/uploads\/2022\/01\/MASSAGE-209x300.jpg 209w, http:\/\/hand-aufs-herz-heilung-hamburg.de\/wp-content\/uploads\/2022\/01\/MASSAGE-713x1024.jpg 713w, http:\/\/hand-aufs-herz-heilung-hamburg.de\/wp-content\/uploads\/2022\/01\/MASSAGE-768x1104.jpg 768w, http:\/\/hand-aufs-herz-heilung-hamburg.de\/wp-content\/uploads\/2022\/01\/MASSAGE.jpg 954w\" sizes=\"auto, (max-width: 209px) 100vw, 209px\" \/><\/a><\/p>\n<p><span style=\"color: #000000;\"><strong>WOHLF\u00dcHL-MASSAGE<\/strong><\/span><\/p>\n<p><span style=\"color: #800000;\">Mit der Wohlf\u00fchl-Massage wird der gesamte Organismus mit neuer Energie und Vitalit\u00e4t aufgeladen &#8211; das Energiesystem wird harmonisiert und gest\u00e4rkt. In entspannter Atmosph\u00e4re kannst Du im Hier und Jetzt ankommen und Deine Seele baumeln lassen.<br \/><\/span><\/p>\n<p><span style=\"color: #800000;\">Deine Muskeln k\u00f6nnen sich mit Hilfe meiner warmen H\u00e4nde ausdehnen und locker werden.\u00a0 <\/span><\/p>\n<p><span style=\"color: #800000;\">Auch die Reflexzonen an den F\u00fc\u00dfen werden wohltuend massiert, wodurch sich Blockaden im ganzen K\u00f6rper l\u00f6sen k\u00f6nnen.\u00a0<\/span><\/p>\n<p><span style=\"color: #800000;\">Die wichtigsten Einsatzgebiete sind:<\/span><\/p>\n<ul>\n<li style=\"text-align: left;\"><span style=\"color: #800000;\"><em>Verbesserung der Durchblutung<\/em><em><br \/><\/em><\/span><\/li>\n<li style=\"text-align: left;\"><span style=\"color: #800000;\"><em>Verbesserung des Gewebestoffwechsels<\/em><em><br \/><\/em><\/span><\/li>\n<li style=\"text-align: left;\"><span style=\"color: #800000;\"><em>L\u00f6sen von Muskelverspannungen<\/em><em><br \/><\/em><\/span><\/li>\n<li style=\"text-align: left;\"><span style=\"color: #800000;\"><em>beruhigende Wirkung bei Stress<\/em><\/span><\/li>\n<li style=\"text-align: left;\"><span style=\"color: #800000;\"><em>Linderung von stressbedingten Spannungszust\u00e4nden und deren Auswirkungen (z.B. Kopfschmerzen, Schlaflosigkeit, Verdauungsprobleme)<\/em><\/span><\/li>\n<li style=\"text-align: left;\"><span style=\"color: #800000;\"><em>St\u00e4rkung des Immunsystems<\/em><\/span><\/li>\n<\/ul>\n<p><span style=\"color: #800000;\">\u00a020 Min = 20\u20ac \/ \u00a030 Min = 30\u20ac \/ 60 Min = 60\u20ac<\/span><\/p>\n<p><span style=\"color: #000000;\"><strong>HONIG-MASSAGE<\/strong><\/span><\/p>\n<p><span style=\"color: #800000;\">Bei dieser Entschlackungsmassage werden mittels Honig alte Schlackenstoffe und Gifte, die der K\u00f6rper im Laufe der Jahre eingelagert hat, bis tief aus dem K\u00f6rpergewebe herausgezogen. Belastende Nahrungsmittel- und Umweltgifte werden zur Ausleitung angeregt. Durch die Ausleitung der Schlackenstoffe wird das Immunsystem des K\u00f6rpers gest\u00e4rkt und die Regeneration kann beginnen.<\/span><\/p>\n<p><span style=\"color: #800000;\">30-40 Min. 50\u20ac<\/span><\/p>\n\n\n<p><\/p>\n","protected":false},"excerpt":{"rendered":"<p>WOHLF\u00dcHL-MASSAGE Mit der Wohlf\u00fchl-Massage wird der gesamte Organismus mit neuer Energie und Vitalit\u00e4t aufgeladen &#8211; das Energiesystem wird harmonisiert und gest\u00e4rkt. In entspannter Atmosph\u00e4re kannst Du im Hier und Jetzt ankommen und Deine Seele baumeln lassen. Deine Muskeln k\u00f6nnen sich mit Hilfe meiner warmen H\u00e4nde ausdehnen und locker werden.\u00a0 Auch die Reflexzonen an den F\u00fc\u00dfen [&hellip;]<\/p>\n","protected":false},"author":1,"featured_media":0,"parent":0,"menu_order":3,"comment_status":"closed","ping_status":"open","template":"","meta":{"footnotes":""},"class_list":["post-118","page","type-page","status-publish","hentry"],"_links":{"self":[{"href":"http:\/\/hand-aufs-herz-heilung-hamburg.de\/index.php\/wp-json\/wp\/v2\/pages\/118","targetHints":{"allow":["GET"]}}],"collection":[{"href":"http:\/\/hand-aufs-herz-heilung-hamburg.de\/index.php\/wp-json\/wp\/v2\/pages"}],"about":[{"href":"http:\/\/hand-aufs-herz-heilung-hamburg.de\/index.php\/wp-json\/wp\/v2\/types\/page"}],"author":[{"embeddable":true,"href":"http:\/\/hand-aufs-herz-heilung-hamburg.de\/index.php\/wp-json\/wp\/v2\/users\/1"}],"replies":[{"embeddable":true,"href":"http:\/\/hand-aufs-herz-heilung-hamburg.de\/index.php\/wp-json\/wp\/v2\/comments?post=118"}],"version-history":[{"count":31,"href":"http:\/\/hand-aufs-herz-heilung-hamburg.de\/index.php\/wp-json\/wp\/v2\/pages\/118\/revisions"}],"predecessor-version":[{"id":611,"href":"http:\/\/hand-aufs-herz-heilung-hamburg.de\/index.php\/wp-json\/wp\/v2\/pages\/118\/revisions\/611"}],"wp:attachment":[{"href":"http:\/\/hand-aufs-herz-heilung-hamburg.de\/index.php\/wp-json\/wp\/v2\/media?parent=118"}],"curies":[{"name":"wp","href":"https:\/\/api.w.org\/{rel}","templated":true}]}}